{"id":184,"date":"2017-05-06T23:24:17","date_gmt":"2017-05-06T23:24:17","guid":{"rendered":"http:\/\/www.rgdetectives.com\/rg\/?page_id=184"},"modified":"2017-05-29T22:30:56","modified_gmt":"2017-05-29T22:30:56","slug":"inicio","status":"publish","type":"page","link":"https:\/\/www.rgdetectives.com\/rg\/pt\/","title":{"rendered":"Inicio"},"content":{"rendered":"<p>[et_pb_section bb_built=&#8221;1&#8243; admin_label=&#8221;section&#8221; fullwidth=&#8221;on&#8221;][et_pb_fullwidth_slider admin_label=&#8221;Fullwidth Slider&#8221; show_arrows=&#8221;on&#8221; show_pagination=&#8221;on&#8221; background_position=&#8221;default&#8221; background_size=&#8221;default&#8221; remove_inner_shadow=&#8221;off&#8221; parallax=&#8221;off&#8221; parallax_method=&#8221;off&#8221; custom_button=&#8221;off&#8221; button_letter_spacing=&#8221;0&#8243; button_use_icon=&#8221;default&#8221; button_icon_placement=&#8221;right&#8221; button_on_hover=&#8221;on&#8221; button_letter_spacing_hover=&#8221;0&#8243; auto=&#8221;off&#8221; auto_ignore_hover=&#8221;off&#8221; hide_content_on_mobile=&#8221;off&#8221; hide_cta_on_mobile=&#8221;off&#8221; show_image_video_mobile=&#8221;off&#8221;] [et_pb_slide heading=&#8221;Quem somos?&#8221; button_text=&#8221;Saiba mais&#8221; button_link=&#8221;https:\/\/www.rgdetectives.com\/rg\/pt\/rg-detectives-servicos-internacionais-de-investigacao-privada\/&#8221; background_image=&#8221;https:\/\/www.rgdetectives.com\/rg\/wp-content\/uploads\/2017\/05\/bnr_001.jpg&#8221; background_color=&#8221;#ffffff&#8221; use_bg_overlay=&#8221;on&#8221; use_text_overlay=&#8221;on&#8221; text_overlay_color=&#8221;rgba(0,0,0,0.61)&#8221; header_font=&#8221;||||&#8221; body_font=&#8221;||||&#8221; custom_button=&#8221;on&#8221; button_icon_placement=&#8221;right&#8221; button_on_hover=&#8221;on&#8221; allow_player_pause=&#8221;off&#8221; background_position=&#8221;default&#8221; background_size=&#8221;default&#8221; text_border_radius=&#8221;3&#8243; alignment=&#8221;center&#8221; background_layout=&#8221;dark&#8221; header_font_select=&#8221;default&#8221; body_font_select=&#8221;default&#8221; button_font_select=&#8221;default&#8221; button_font=&#8221;||||&#8221; button_use_icon=&#8221;default&#8221; button_bg_color=&#8221;rgba(0,0,0,0.54)&#8221; bg_overlay_color=&#8221;rgba(224,153,0,0.45)&#8221;]<\/p>\n<p><strong>A R. Guerreiro Detectives \u2013 Servi\u00e7os Internacionais de Investiga\u00e7\u00e3o Privada, <\/strong>\u00e9 uma ag\u00eancia de investiga\u00e7\u00e3o privada que exerce a sua actividade a n\u00edvel nacional e internacional.<\/p>\n<p>[\/et_pb_slide][et_pb_slide heading=&#8221;Conhe\u00e7a os nossos servi\u00e7os!&#8221; button_text=&#8221;Saiba mais&#8221; button_link=&#8221;https:\/\/www.rgdetectives.com\/rg\/pt\/servicos-disponiveis\/&#8221; background_image=&#8221;https:\/\/www.rgdetectives.com\/rg\/wp-content\/uploads\/2017\/05\/bnr_004.jpg&#8221; background_color=&#8221;#f7f7f7&#8243; use_bg_overlay=&#8221;on&#8221; use_text_overlay=&#8221;on&#8221; text_overlay_color=&#8221;rgba(0,0,0,0.55)&#8221; alignment=&#8221;bottom&#8221; header_font=&#8221;||||&#8221; body_font=&#8221;||||&#8221; custom_button=&#8221;off&#8221; button_icon_placement=&#8221;right&#8221; button_on_hover=&#8221;on&#8221; allow_player_pause=&#8221;off&#8221; background_position=&#8221;default&#8221; background_size=&#8221;default&#8221; text_border_radius=&#8221;3&#8243; background_layout=&#8221;dark&#8221; header_font_select=&#8221;default&#8221; body_font_select=&#8221;default&#8221; button_font_select=&#8221;default&#8221; button_font=&#8221;||||&#8221; button_use_icon=&#8221;default&#8221; bg_overlay_color=&#8221;rgba(224,153,0,0.45)&#8221;]<\/p>\n<p>Temos como lema, servir os nossos clientes com o maior profissionalismo, dedica\u00e7\u00e3o e qualidade, com o m\u00e1ximo sigilo e honestidade.<\/p>\n<p>[\/et_pb_slide][et_pb_slide heading=&#8221;Contactar com um detective!&#8221; button_text=&#8221;Saiba mais&#8221; button_link=&#8221;https:\/\/www.rgdetectives.com\/rg\/pt\/informacoes\/&#8221; background_image=&#8221;https:\/\/www.rgdetectives.com\/rg\/wp-content\/uploads\/2017\/05\/bnr_003.jpg&#8221; use_bg_overlay=&#8221;on&#8221; use_text_overlay=&#8221;on&#8221; text_overlay_color=&#8221;rgba(0,0,0,0.55)&#8221; header_font=&#8221;||||&#8221; body_font=&#8221;||||&#8221; custom_button=&#8221;off&#8221; button_icon_placement=&#8221;right&#8221; button_on_hover=&#8221;on&#8221; allow_player_pause=&#8221;off&#8221; background_position=&#8221;default&#8221; background_size=&#8221;default&#8221; background_color=&#8221;#ffffff&#8221; bg_overlay_color=&#8221;rgba(224,153,0,0.45)&#8221; text_border_radius=&#8221;3&#8243; alignment=&#8221;center&#8221; background_layout=&#8221;dark&#8221; header_font_select=&#8221;default&#8221; body_font_select=&#8221;default&#8221; button_font_select=&#8221;default&#8221; button_font=&#8221;||||&#8221; button_use_icon=&#8221;default&#8221;]<\/p>\n<p>\u00c9 falar com um profissional em investiga\u00e7\u00e3o privada, perceber os caminhos que podem levar \u00e0 solu\u00e7\u00e3o dos problemas.<\/p>\n<p>[\/et_pb_slide] [\/et_pb_fullwidth_slider][\/et_pb_section][et_pb_section bb_built=&#8221;1&#8243; admin_label=&#8221;Section&#8221; fullwidth=&#8221;off&#8221; specialty=&#8221;off&#8221; transparent_background=&#8221;off&#8221; background_color=&#8221;#000000&#8243; allow_player_pause=&#8221;off&#8221; inner_shadow=&#8221;off&#8221; parallax=&#8221;off&#8221; parallax_method=&#8221;on&#8221; make_fullwidth=&#8221;off&#8221; use_custom_width=&#8221;off&#8221; width_unit=&#8221;on&#8221; make_equal=&#8221;off&#8221; use_custom_gutter=&#8221;off&#8221;][et_pb_row admin_label=&#8221;Row&#8221; allow_player_pause=&#8221;off&#8221; parallax=&#8221;off&#8221; parallax_method=&#8221;on&#8221; parallax_1=&#8221;off&#8221; parallax_method_1=&#8221;off&#8221; make_fullwidth=&#8221;off&#8221; use_custom_width=&#8221;off&#8221; width_unit=&#8221;on&#8221; use_custom_gutter=&#8221;off&#8221; make_equal=&#8221;off&#8221; custom_margin=&#8221;0px||0px|&#8221; custom_padding=&#8221;0px||0px|&#8221;][et_pb_column type=&#8221;4_4&#8243;][et_pb_text admin_label=&#8221;Text&#8221; background_layout=&#8221;dark&#8221; text_orientation=&#8221;left&#8221; use_border_color=&#8221;off&#8221; border_color=&#8221;#ffffff&#8221; border_style=&#8221;solid&#8221; custom_margin=&#8221;0px||0px|&#8221; custom_padding=&#8221;0px||0px|&#8221;]<\/p>\n<p style=\"text-align: center;\"><strong><span style=\"font-size: 18pt;\">Ag\u00eancia\u00a0de Investiga\u00e7\u00e3o |\u00a0R. Guerreiro &#8211; Detectives<\/span><br \/>\n<\/strong><span style=\"font-size: 14pt;\">Servi\u00e7os Internacionais de Investiga\u00e7\u00e3o Privada<\/span><\/p>\n<p>[\/et_pb_text][\/et_pb_column][\/et_pb_row][\/et_pb_section][et_pb_section bb_built=&#8221;1&#8243; admin_label=&#8221;section&#8221;][et_pb_row admin_label=&#8221;Row&#8221;][et_pb_column type=&#8221;1_3&#8243;][et_pb_blurb admin_label=&#8221;Blurb&#8221; title=&#8221;Conhe\u00e7a a R. Guerreiro Detectives&#8221; url=&#8221;https:\/\/www.rgdetectives.com\/rg\/pt\/rg-detectives-servicos-internacionais-de-investigacao-privada\/&#8221; image=&#8221;https:\/\/www.rgdetectives.com\/rg\/wp-content\/uploads\/2016\/10\/OAIIBP0-e1477482181414.jpg&#8221;]<\/p>\n<p>A RG Detectives \u2013 Servi\u00e7os Internacionais de Investiga\u00e7\u00e3o Privada, \u00e9 uma ag\u00eancia de investiga\u00e7\u00e3o privada que exerce a sua actividade a n\u00edvel nacional e internacional.<\/p>\n<p>[\/et_pb_blurb][\/et_pb_column][et_pb_column type=&#8221;1_3&#8243;][et_pb_blurb admin_label=&#8221;Blurb&#8221; title=&#8221;Conhe\u00e7a os nossos servi\u00e7os!&#8221; url=&#8221;https:\/\/www.rgdetectives.com\/rg\/pt\/servicos-disponiveis\/&#8221; image=&#8221;https:\/\/www.rgdetectives.com\/rg\/wp-content\/uploads\/2016\/10\/146_8736x5824_all-free-download.com_11764147-e1477482609181.jpg&#8221;]<\/p>\n<p>Temos como lema, servir os nossos clientes com o maior profissionalismo, dedica\u00e7\u00e3o e qualidade, com o m\u00e1ximo sigilo e honestidade.<\/p>\n<p>[\/et_pb_blurb][\/et_pb_column][et_pb_column type=&#8221;1_3&#8243;][et_pb_blurb admin_label=&#8221;Blurb&#8221; title=&#8221;Parcerias e Associa\u00e7\u00f5es&#8221; url=&#8221;https:\/\/www.rgdetectives.com\/rg\/pt\/associacoes\/&#8221; image=&#8221;https:\/\/www.rgdetectives.com\/rg\/wp-content\/uploads\/2016\/10\/OE7CRA0-e1477484836135.jpg&#8221;]<\/p>\n<p>Somos membros de v\u00e1rias associa\u00e7\u00f5es profissionais de investiga\u00e7\u00e3o.<\/p>\n<p>[\/et_pb_blurb][\/et_pb_column][\/et_pb_row][et_pb_row admin_label=&#8221;row&#8221; disabled_on=&#8221;on|on|on&#8221; disabled=&#8221;on&#8221;][et_pb_column type=&#8221;4_4&#8243;][et_pb_text admin_label=&#8221;Text&#8221;]<\/p>\n<h2>Que garantias lhe podemos dar?<\/h2>\n<p>[\/et_pb_text][et_pb_tabs admin_label=&#8221;Tabs&#8221; use_border_color=&#8221;off&#8221; border_color=&#8221;#ffffff&#8221; border_style=&#8221;solid&#8221; disabled=&#8221;off&#8221; disabled_on=&#8221;off|off|on&#8221;] [et_pb_tab title=&#8221;Profissionalismo&#8221;]<\/p>\n<p><span style=\"font-size: 14px; background-color: #ffffff;\">Falar com um profissional em investiga\u00e7\u00e3o privada \u00e9 perceber os caminhos que podem levar \u00e0 dissolu\u00e7\u00e3o das duvidas, \u00e0 solu\u00e7\u00e3o dos problemas.<\/span><\/p>\n<p class=\"\"><span style=\"font-size: 14px; background-color: #ffffff;\">Para conseguir os seus objetivos\u00a0marque uma reuni\u00e3o gratuita e sem compromisso.<\/span><br \/>\n<span style=\"font-size: 14px; background-color: #ffffff;\">As reuni\u00f5es requerem marca\u00e7\u00e3o pr\u00e9via. Pode usar o nosso formul\u00e1rio para isso, ou o contacto telef\u00f3nico.<\/span><\/p>\n<p>[\/et_pb_tab][et_pb_tab title=&#8221;Sigilo e honestidade&#8221;]<\/p>\n<p style=\"background-color: #ffffff; font-size: 14px;\">Ser detective privado n\u00e3o \u00e9 ser &#8220;agente secreto&#8221;. O detective privado d\u00e1 a cara e identifica-se com a sua carteira profissional, perante os clientes. Atende quem procura os seus servi\u00e7os, no escrit\u00f3rio, o que d\u00e1 a garantia de ser contactado quando necess\u00e1rio.<\/p>\n<p style=\"padding-bottom: 1em; background-color: #ffffff; font-size: 14px;\">Deixo aqui um alerta para que o p\u00fablico em geral tenha o cuidado de utilizar apenas os servi\u00e7os de profissionais credenciados.<\/p>\n<p>[\/et_pb_tab][et_pb_tab title=&#8221;Dedica\u00e7\u00e3o e qualidade&#8221;]<\/p>\n<p><span style=\"font-size: 14px; background-color: #ffffff;\">Descubra a experi\u00eancia de um profissional, dedicado em descobrir a verdade e tranquilizar quem procura os seus servi\u00e7os.<\/span><br \/>\n<span style=\"font-size: 14px; background-color: #ffffff;\">Vai ver que valeu a pena satisfazer a sua necessidade ou curiosidade.<\/span><\/p>\n<p>[\/et_pb_tab] [\/et_pb_tabs][\/et_pb_column][\/et_pb_row][\/et_pb_section][et_pb_section bb_built=&#8221;1&#8243; admin_label=&#8221;section&#8221; background_color=&#8221;#dd9933&#8243; inner_shadow=&#8221;on&#8221; transparent_background=&#8221;off&#8221; allow_player_pause=&#8221;off&#8221; parallax=&#8221;off&#8221; parallax_method=&#8221;on&#8221; make_fullwidth=&#8221;off&#8221; use_custom_width=&#8221;off&#8221; width_unit=&#8221;on&#8221; make_equal=&#8221;off&#8221; use_custom_gutter=&#8221;off&#8221;][et_pb_row admin_label=&#8221;row&#8221; allow_player_pause=&#8221;off&#8221; parallax=&#8221;off&#8221; parallax_method=&#8221;on&#8221; parallax_1=&#8221;off&#8221; parallax_method_1=&#8221;off&#8221; make_fullwidth=&#8221;off&#8221; use_custom_width=&#8221;off&#8221; width_unit=&#8221;on&#8221; use_custom_gutter=&#8221;off&#8221; make_equal=&#8221;off&#8221;][et_pb_column type=&#8221;4_4&#8243;][et_pb_cta admin_label=&#8221;Call To Action&#8221; title=&#8221;A Investiga\u00e7\u00e3o certa no momento certo!&#8221; button_url=&#8221;https:\/\/www.rgdetectives.com\/rg\/pt\/contactos\/&#8221; button_text=&#8221;N\u00e3o hesite! Contacte-nos!&#8221; use_background_color=&#8221;off&#8221; url_new_window=&#8221;off&#8221; background_color=&#8221;#dd9933&#8243; background_layout=&#8221;dark&#8221; text_orientation=&#8221;center&#8221; use_border_color=&#8221;off&#8221; border_color=&#8221;#ffffff&#8221; border_style=&#8221;solid&#8221; custom_button=&#8221;off&#8221; button_letter_spacing=&#8221;0&#8243; button_use_icon=&#8221;default&#8221; button_icon_placement=&#8221;right&#8221; button_on_hover=&#8221;on&#8221; button_letter_spacing_hover=&#8221;0&#8243;]<\/p>\n<p>Avance, n\u00e3o fique na d\u00favida, tome as suas decis\u00f5es com a ajuda de factos reais e certezas.<br \/>\nEntre em contacto connosco para resolvermos o seu problema.<\/p>\n<p>[\/et_pb_cta][\/et_pb_column][\/et_pb_row][\/et_pb_section]<\/p>\n","protected":false},"excerpt":{"rendered":"<p>A R. Guerreiro Detectives \u2013 Servi\u00e7os Internacionais de Investiga\u00e7\u00e3o Privada, \u00e9 uma ag\u00eancia de investiga\u00e7\u00e3o privada que exerce a sua actividade a n\u00edvel nacional e internacional. Temos como lema, servir os nossos clientes com o maior profissionalismo, dedica\u00e7\u00e3o e qualidade, com o m\u00e1ximo sigilo e honestidade. \u00c9 falar com um profissional em investiga\u00e7\u00e3o privada, perceber [&hellip;]<\/p>\n","protected":false},"author":1,"featured_media":0,"parent":0,"menu_order":0,"comment_status":"closed","ping_status":"closed","template":"","meta":{"_et_pb_use_builder":"on","_et_pb_old_content":"","_et_gb_content_width":"","footnotes":""},"class_list":["post-184","page","type-page","status-publish","hentry"],"_links":{"self":[{"href":"https:\/\/www.rgdetectives.com\/rg\/wp-json\/wp\/v2\/pages\/184","targetHints":{"allow":["GET"]}}],"collection":[{"href":"https:\/\/www.rgdetectives.com\/rg\/wp-json\/wp\/v2\/pages"}],"about":[{"href":"https:\/\/www.rgdetectives.com\/rg\/wp-json\/wp\/v2\/types\/page"}],"author":[{"embeddable":true,"href":"https:\/\/www.rgdetectives.com\/rg\/wp-json\/wp\/v2\/users\/1"}],"replies":[{"embeddable":true,"href":"https:\/\/www.rgdetectives.com\/rg\/wp-json\/wp\/v2\/comments?post=184"}],"version-history":[{"count":54,"href":"https:\/\/www.rgdetectives.com\/rg\/wp-json\/wp\/v2\/pages\/184\/revisions"}],"predecessor-version":[{"id":386,"href":"https:\/\/www.rgdetectives.com\/rg\/wp-json\/wp\/v2\/pages\/184\/revisions\/386"}],"wp:attachment":[{"href":"https:\/\/www.rgdetectives.com\/rg\/wp-json\/wp\/v2\/media?parent=184"}],"curies":[{"name":"wp","href":"https:\/\/api.w.org\/{rel}","templated":true}]}}