{"id":25,"date":"2016-10-07T00:29:01","date_gmt":"2016-10-07T00:29:01","guid":{"rendered":"http:\/\/www.rgdetectives.com\/rg\/?page_id=25"},"modified":"2017-05-15T21:53:38","modified_gmt":"2017-05-15T21:53:38","slug":"servicos-disponiveis","status":"publish","type":"page","link":"https:\/\/www.rgdetectives.com\/rg\/pt\/servicos-disponiveis\/","title":{"rendered":"Servi\u00e7os"},"content":{"rendered":"<p>[et_pb_section bb_built=&#8221;1&#8243; admin_label=&#8221;section&#8221;][et_pb_row admin_label=&#8221;row&#8221;][et_pb_column type=&#8221;4_4&#8243;][et_pb_text admin_label=&#8221;Text&#8221; background_layout=&#8221;light&#8221; text_orientation=&#8221;left&#8221; use_border_color=&#8221;off&#8221; border_color=&#8221;#ffffff&#8221; border_style=&#8221;solid&#8221;]<\/p>\n<div align=\"justify\">\n<p><strong>Conhe\u00e7a os nossos servi\u00e7os!<\/strong><\/p>\n<p style=\"padding-left: 30px;\">&#8211; Localiza\u00e7\u00e3o de pessoas, bens ou domic\u00edlios;<br \/>\n&#8211; Informa\u00e7\u00f5es comerciais e particulares;<br \/>\n&#8211; Averigua\u00e7\u00e3o de concorr\u00eancia desleal;<br \/>\n&#8211; Averigua\u00e7\u00e3o de baixas fraudulentas;<br \/>\n&#8211; Averigua\u00e7\u00e3o patrimonial de entidades devedoras;<br \/>\n&#8211; Recolha de elementos para a\u00e7\u00f5es de despejo, dupla habita\u00e7\u00e3o, etc;<br \/>\n&#8211; Informa\u00e7\u00f5es para prote\u00e7\u00e3o de marcas e patentes;<br \/>\n&#8211; Informa\u00e7\u00f5es para processos de contrafa\u00e7\u00e3o;<br \/>\n&#8211; Obten\u00e7\u00e3o de provas para processos disciplinares ou outros;<br \/>\n&#8211; Obten\u00e7\u00e3o de provas de casos de infidelidade;<br \/>\n&#8211; Obten\u00e7\u00e3o de provas de demandas judiciais;<br \/>\n&#8211; Controlo de filhos menores;<br \/>\n&#8211; Averigua\u00e7\u00e3o de causas provocadoras de inunda\u00e7\u00f5es, inc\u00eandios, sinistros autom\u00f3veis ou outros;<br \/>\n&#8211; Levantamento de idoneidade de futuros ou atuais funcion\u00e1rios, s\u00f3cios ou gestores;<br \/>\n&#8211; Garantia de salas seguras para reuni\u00f5es de altos quadros;<br \/>\n&#8211; Vigil\u00e2ncia eletr\u00f3nica de instala\u00e7\u00f5es;<br \/>\n&#8211; Recolha de provas circunstanciais para estudos laboratoriais;<br \/>\n&#8211; Levantamento de bens penhor\u00e1veis;<br \/>\n&#8211; Check-ups e tentativas de intromiss\u00e3o no seu sistema de seguran\u00e7a ou prote\u00e7\u00e3o pessoal,<br \/>\ncomo forma de dete\u00e7\u00e3o de problemas ou incidentes cr\u00edticos;<br \/>\n&#8211; Dete\u00e7\u00e3o de escutas telef\u00f3nicas, ambientais e outras;<br \/>\n&#8211; Peritagens caligr\u00e1ficas;<br \/>\n&#8211; Peritagens e relat\u00f3rios sobre autoria de falsifica\u00e7\u00e3o de assinaturas e manuscritos;<br \/>\n&#8211; Peritagens para dete\u00e7\u00e3o de documentos falsificados;<br \/>\n&#8211; Exames poligr\u00e1ficos;<br \/>\n&#8211; Consultadoria de seguran\u00e7a;<br \/>\n&#8211; Relat\u00f3rios preliminares e pormenorizados.<\/p>\n<p>Estamos protocolados com laborat\u00f3rios espec\u00edficos no \u00e2mbito das v\u00e1rias \u00e1reas de trabalho.<\/p>\n<p>Or\u00e7amentos gratuitos e honor\u00e1rios adequados a cada caso.<\/p>\n<p>Operamos 24 horas por dia. Estamos onde \u00e9 preciso!<\/p>\n<\/div>\n<p>[\/et_pb_text][\/et_pb_column][\/et_pb_row][\/et_pb_section]<\/p>\n","protected":false},"excerpt":{"rendered":"<p>Conhe\u00e7a os nossos servi\u00e7os! &#8211; Localiza\u00e7\u00e3o de pessoas, bens ou domic\u00edlios; &#8211; Informa\u00e7\u00f5es comerciais e particulares; &#8211; Averigua\u00e7\u00e3o de concorr\u00eancia desleal; &#8211; Averigua\u00e7\u00e3o de baixas fraudulentas; &#8211; Averigua\u00e7\u00e3o patrimonial de entidades devedoras; &#8211; Recolha de elementos para a\u00e7\u00f5es de despejo, dupla habita\u00e7\u00e3o, etc; &#8211; Informa\u00e7\u00f5es para prote\u00e7\u00e3o de marcas e patentes; &#8211; Informa\u00e7\u00f5es para processos [&hellip;]<\/p>\n","protected":false},"author":1,"featured_media":113,"parent":0,"menu_order":0,"comment_status":"closed","ping_status":"closed","template":"","meta":{"_et_pb_use_builder":"on","_et_pb_old_content":"<div align=\"justify\"><p><strong>Conhe\u00e7a os nossos servi\u00e7os!<\/strong><\/p><ul><li>Localiza\u00e7\u00e3o de pessoas, bens ou domic\u00edlios;<\/li><li>Informa\u00e7\u00f5es comerciais e particulares;<\/li><li>Averigua\u00e7\u00e3o de concorr\u00eancia desleal;<\/li><li>Averigua\u00e7\u00e3o de baixas fraudulentas;<\/li><li>Averigua\u00e7\u00e3o patrimonial de entidades devedoras;<\/li><li>Recolha de elementos para a\u00e7\u00f5es de despejo, dupla habita\u00e7\u00e3o, etc;<\/li><li>Informa\u00e7\u00f5es para prote\u00e7\u00e3o de marcas e patentes;<\/li><li>Informa\u00e7\u00f5es para processos de contrafa\u00e7\u00e3o;<\/li><li>Obten\u00e7\u00e3o de provas para processos disciplinares ou outros;<\/li><li>Obten\u00e7\u00e3o de provas de casos de infidelidade;<\/li><li>Obten\u00e7\u00e3o de provas de demandas judiciais;<\/li><li>Controlo de filhos menores;<\/li><li>Averigua\u00e7\u00e3o de causas provocadoras de inunda\u00e7\u00f5es, inc\u00eandios, sinistros autom\u00f3veis ou outros;<\/li><li>Levantamento de idoneidade de futuros ou atuais funcion\u00e1rios, s\u00f3cios ou gestores;<\/li><li>Garantia de salas seguras para reuni\u00f5es de altos quadros;<\/li><li>Vigil\u00e2ncia eletr\u00f3nica de instala\u00e7\u00f5es;<\/li><li>Recolha de provas circunstanciais para estudos laboratoriais;<\/li><li>Levantamento de bens penhor\u00e1veis;<\/li><li>Check-ups e tentativas de intromiss\u00e3o no seu sistema de seguran\u00e7a ou prote\u00e7\u00e3o pessoal, como forma de dete\u00e7\u00e3o de problemas ou incidentes cr\u00edticos;<\/li><li>Dete\u00e7\u00e3o de escutas telef\u00f3nicas, ambientais e outras;<\/li><li>Peritagens caligr\u00e1ficas;<\/li><li>Peritagens e relat\u00f3rios sobre autoria de falsifica\u00e7\u00e3o de assinaturas e manuscritos;<\/li><li>Peritagens para dete\u00e7\u00e3o de documentos falsificados;<\/li><li>Exames poligr\u00e1ficos;<\/li><li>Consultadoria de seguran\u00e7a;<\/li><li>Relat\u00f3rios preliminares e pormenorizados.<\/li><\/ul><p>\u00a0<\/p><p>Estamos protocolados com laborat\u00f3rios espec\u00edficos no \u00e2mbito das v\u00e1rias \u00e1reas de trabalho.<\/p><p>Or\u00e7amentos gratuitos e honor\u00e1rios adequados a cada caso.<\/p><p>Operamos 24 horas por dia. Estamos onde \u00e9 preciso!<\/p><\/div>","_et_gb_content_width":"","footnotes":""},"class_list":["post-25","page","type-page","status-publish","has-post-thumbnail","hentry"],"_links":{"self":[{"href":"https:\/\/www.rgdetectives.com\/rg\/wp-json\/wp\/v2\/pages\/25","targetHints":{"allow":["GET"]}}],"collection":[{"href":"https:\/\/www.rgdetectives.com\/rg\/wp-json\/wp\/v2\/pages"}],"about":[{"href":"https:\/\/www.rgdetectives.com\/rg\/wp-json\/wp\/v2\/types\/page"}],"author":[{"embeddable":true,"href":"https:\/\/www.rgdetectives.com\/rg\/wp-json\/wp\/v2\/users\/1"}],"replies":[{"embeddable":true,"href":"https:\/\/www.rgdetectives.com\/rg\/wp-json\/wp\/v2\/comments?post=25"}],"version-history":[{"count":10,"href":"https:\/\/www.rgdetectives.com\/rg\/wp-json\/wp\/v2\/pages\/25\/revisions"}],"predecessor-version":[{"id":321,"href":"https:\/\/www.rgdetectives.com\/rg\/wp-json\/wp\/v2\/pages\/25\/revisions\/321"}],"wp:featuredmedia":[{"embeddable":true,"href":"https:\/\/www.rgdetectives.com\/rg\/wp-json\/wp\/v2\/media\/113"}],"wp:attachment":[{"href":"https:\/\/www.rgdetectives.com\/rg\/wp-json\/wp\/v2\/media?parent=25"}],"curies":[{"name":"wp","href":"https:\/\/api.w.org\/{rel}","templated":true}]}}