{"id":339,"date":"2017-05-15T23:03:58","date_gmt":"2017-05-15T23:03:58","guid":{"rendered":"http:\/\/www.rgdetectives.com\/rg\/?page_id=339"},"modified":"2017-05-29T21:46:18","modified_gmt":"2017-05-29T21:46:18","slug":"hlinks","status":"publish","type":"page","link":"https:\/\/www.rgdetectives.com\/rg\/pt\/hlinks\/","title":{"rendered":"Links"},"content":{"rendered":"<p>[et_pb_section bb_built=&#8221;1&#8243; admin_label=&#8221;section&#8221;][et_pb_row admin_label=&#8221;row&#8221;][et_pb_column type=&#8221;4_4&#8243;][et_pb_text admin_label=&#8221;Text&#8221; background_layout=&#8221;light&#8221; text_orientation=&#8221;left&#8221; use_border_color=&#8221;off&#8221; border_color=&#8221;#ffffff&#8221; border_style=&#8221;solid&#8221;]<\/p>\n<p><strong>Links de interesse p\u00fablico:<\/strong><\/p>\n<p>APAV &#8211; Associa\u00e7\u00e3o Portuguesa de Apoio \u00e0 Vitima &#8211; <a href=\"http:\/\/www.apav.pt\" target=\"_blank\" rel=\"noopener noreferrer\">www.apav.pt<\/a><\/p>\n<p>ANPC \u2013 Autoridade Nacional de Protec\u00e7\u00e3o Civil &#8211;\u00a0<a href=\"http:\/\/www.prociv.pt\" target=\"_blank\" rel=\"noopener noreferrer\">www.prociv.pt<\/a><\/p>\n<p>PSP &#8211; Pol\u00edcia de Seguran\u00e7a P\u00fablica &#8211; <a href=\"http:\/\/www.psp.pt\" target=\"_blank\" rel=\"noopener noreferrer\">www.psp.pt<\/a><\/p>\n<p>GNR &#8211; Guarda Nacional Republicana &#8211; <a href=\"http:\/\/www.gnr.pt\" target=\"_blank\" rel=\"noopener noreferrer\">www.gnr.pt<\/a><\/p>\n<p>PJ &#8211; Pol\u00edcia Judici\u00e1ria &#8211;\u00a0<a href=\"http:\/\/www.pj.pt\/\" target=\"_blank\" rel=\"noopener noreferrer\">www.pj.pt<\/a><\/p>\n<p>Portal do Cidad\u00e3o &#8211; <a href=\"https:\/\/www.portaldocidadao.pt\/\" target=\"_blank\" rel=\"noopener noreferrer\">www.portaldocidadao.pt<\/a><\/p>\n<p>Presid\u00eancia da Rep\u00fablica &#8211; <a href=\"http:\/\/www.presidenciarepublica.pt\" target=\"_blank\" rel=\"noopener noreferrer\">www.presidenciarepublica.pt<\/a><\/p>\n<p>[\/et_pb_text][\/et_pb_column][\/et_pb_row][\/et_pb_section]<\/p>\n","protected":false},"excerpt":{"rendered":"<p>Links de interesse p\u00fablico: APAV &#8211; Associa\u00e7\u00e3o Portuguesa de Apoio \u00e0 Vitima &#8211; www.apav.pt ANPC \u2013 Autoridade Nacional de Protec\u00e7\u00e3o Civil &#8211;\u00a0www.prociv.pt PSP &#8211; Pol\u00edcia de Seguran\u00e7a P\u00fablica &#8211; www.psp.pt GNR &#8211; Guarda Nacional Republicana &#8211; www.gnr.pt PJ &#8211; Pol\u00edcia Judici\u00e1ria &#8211;\u00a0www.pj.pt Portal do Cidad\u00e3o &#8211; www.portaldocidadao.pt Presid\u00eancia da Rep\u00fablica &#8211; www.presidenciarepublica.pt<\/p>\n","protected":false},"author":1,"featured_media":0,"parent":0,"menu_order":0,"comment_status":"closed","ping_status":"closed","template":"","meta":{"_et_pb_use_builder":"on","_et_pb_old_content":"","_et_gb_content_width":"","footnotes":""},"class_list":["post-339","page","type-page","status-publish","hentry"],"_links":{"self":[{"href":"https:\/\/www.rgdetectives.com\/rg\/wp-json\/wp\/v2\/pages\/339","targetHints":{"allow":["GET"]}}],"collection":[{"href":"https:\/\/www.rgdetectives.com\/rg\/wp-json\/wp\/v2\/pages"}],"about":[{"href":"https:\/\/www.rgdetectives.com\/rg\/wp-json\/wp\/v2\/types\/page"}],"author":[{"embeddable":true,"href":"https:\/\/www.rgdetectives.com\/rg\/wp-json\/wp\/v2\/users\/1"}],"replies":[{"embeddable":true,"href":"https:\/\/www.rgdetectives.com\/rg\/wp-json\/wp\/v2\/comments?post=339"}],"version-history":[{"count":7,"href":"https:\/\/www.rgdetectives.com\/rg\/wp-json\/wp\/v2\/pages\/339\/revisions"}],"predecessor-version":[{"id":375,"href":"https:\/\/www.rgdetectives.com\/rg\/wp-json\/wp\/v2\/pages\/339\/revisions\/375"}],"wp:attachment":[{"href":"https:\/\/www.rgdetectives.com\/rg\/wp-json\/wp\/v2\/media?parent=339"}],"curies":[{"name":"wp","href":"https:\/\/api.w.org\/{rel}","templated":true}]}}