{"id":52,"date":"2016-10-07T00:54:49","date_gmt":"2016-10-07T00:54:49","guid":{"rendered":"http:\/\/www.rgdetectives.com\/rg\/?page_id=52"},"modified":"2017-12-29T11:15:19","modified_gmt":"2017-12-29T11:15:19","slug":"associacoes","status":"publish","type":"page","link":"https:\/\/www.rgdetectives.com\/rg\/pt\/associacoes\/","title":{"rendered":"Associa\u00e7\u00f5es"},"content":{"rendered":"<p>[et_pb_section bb_built=&#8221;1&#8243; admin_label=&#8221;section&#8221;][et_pb_row admin_label=&#8221;row&#8221; background_position=&#8221;top_left&#8221; background_repeat=&#8221;repeat&#8221; background_size=&#8221;initial&#8221;][et_pb_column type=&#8221;4_4&#8243;][et_pb_text background_position=&#8221;top_left&#8221; background_repeat=&#8221;repeat&#8221; background_size=&#8221;initial&#8221; _builder_version=&#8221;3.0.92&#8243; background_layout=&#8221;light&#8221;]<\/p>\n<p>Somos membros de v\u00e1rias associa\u00e7\u00f5es profissionais de investiga\u00e7\u00e3o.<!--more--><\/p>\n<table style=\"width: 98%;\" border=\"0\" cellspacing=\"0\" cellpadding=\"0\">\n<tbody>\n<tr>\n<td style=\"width: 10%; height: 120px;\" height=\"120\">\n<div align=\"center\"><img loading=\"lazy\" decoding=\"async\" src=\"https:\/\/www.rgdetectives.com\/rg\/wp-content\/uploads\/2016\/10\/logo-ADPP_96dpi3.jpg\" alt=\"logo-adpp_96dpi3\" width=\"86\" height=\"114\" \/><\/div>\n<\/td>\n<td style=\"height: 120px; width: 45%; vertical-align: middle;\" height=\"120\">\n<div style=\"text-align: left;\" align=\"center\"><strong>ADPPP &#8211; Associa\u00e7\u00e3o de Detectives Privados Profissionais de Portugal<\/strong><br \/>\n( Membro fundador)<\/div>\n<\/td>\n<\/tr>\n<tr bgcolor=\"#FFFFFF\">\n<td style=\"width: 10%; height: 120px;\" height=\"120\">\n<div align=\"center\"><img loading=\"lazy\" decoding=\"async\" src=\"https:\/\/www.rgdetectives.com\/rg\/wp-content\/uploads\/2016\/10\/apdpe2.jpg\" alt=\"apdpe2\" width=\"104\" height=\"114\" \/><\/div>\n<\/td>\n<td style=\"height: 120px; width: 45%; vertical-align: middle;\" height=\"120\">\n<div style=\"text-align: left;\" align=\"center\"><strong>APDPE &#8211; Associaci\u00f3n Professional de Detectives Privados de Espa\u00f1a<\/strong><\/div>\n<\/td>\n<\/tr>\n<tr bgcolor=\"#FFFFFF\">\n<td style=\"width: 10%; height: 120px;\" height=\"120\">\n<div align=\"center\"><img loading=\"lazy\" decoding=\"async\" src=\"https:\/\/www.rgdetectives.com\/rg\/wp-content\/uploads\/2016\/10\/AGC1.jpg\" alt=\"agc1\" width=\"114\" height=\"102\" \/><\/div>\n<\/td>\n<td style=\"height: 120px; width: 45%; vertical-align: middle;\" height=\"120\">\n<div style=\"text-align: left;\" align=\"center\"><strong>AGC &#8211; Associaci\u00f3n General de Crimin\u00f3logos<\/strong><\/div>\n<\/td>\n<\/tr>\n<tr bgcolor=\"#FFFFFF\">\n<td style=\"width: 10%; height: 120px;\" height=\"120\">\n<div align=\"center\"><img loading=\"lazy\" decoding=\"async\" src=\"https:\/\/www.rgdetectives.com\/rg\/wp-content\/uploads\/2016\/10\/gida2.jpg\" alt=\"gida2\" width=\"114\" height=\"114\" \/><\/div>\n<\/td>\n<td style=\"height: 120px; width: 45%; vertical-align: middle;\" height=\"120\">\n<div style=\"text-align: left;\" align=\"center\"><strong>GIDA &#8211; Global International Detective Association<\/strong><\/div>\n<\/td>\n<\/tr>\n<tr bgcolor=\"#FFFFFF\">\n<td style=\"width: 10%; height: 120px;\" height=\"120\">\n<div align=\"center\"><img loading=\"lazy\" decoding=\"async\" src=\"https:\/\/www.rgdetectives.com\/rg\/wp-content\/uploads\/2016\/10\/abi.jpg\" alt=\"abi\" width=\"114\" height=\"114\" \/><\/div>\n<\/td>\n<td style=\"height: 120px; width: 45%; vertical-align: middle;\" height=\"120\">\n<div style=\"text-align: left;\" align=\"center\"><strong>ABI &#8211; Association of British Investigators<\/strong><\/div>\n<\/td>\n<\/tr>\n<tr bgcolor=\"#FFFFFF\">\n<td style=\"width: 10%; height: 120px;\" height=\"120\">\n<p align=\"center\"><img loading=\"lazy\" decoding=\"async\" src=\"https:\/\/www.rgdetectives.com\/rg\/wp-content\/uploads\/2016\/10\/syndicat-detectives.gif\" alt=\"syndicat-detectives\" width=\"114\" height=\"107\" \/><\/p>\n<\/td>\n<td style=\"height: 120px; width: 45%; vertical-align: middle;\" height=\"120\">\n<div style=\"text-align: left;\" align=\"center\"><strong>SPDE &#8211; Syndicat Professionnel Les D\u00e9tectives Europ\u00e9ens<\/strong><br \/>\n(Delegado em Portugal )<\/div>\n<\/td>\n<\/tr>\n<tr bgcolor=\"#FFFFFF\">\n<td style=\"width: 10%; height: 120px;\" height=\"120\">\n<div align=\"center\"><img loading=\"lazy\" decoding=\"async\" src=\"https:\/\/www.rgdetectives.com\/rg\/wp-content\/uploads\/2016\/10\/ikd.jpg\" alt=\"ikd\" width=\"114\" height=\"115\" \/><\/div>\n<\/td>\n<td style=\"height: 120px; width: 45%; vertical-align: middle;\" height=\"120\">\n<div style=\"text-align: left;\" align=\"center\"><strong>IKD &#8211; International Komission de Detektiv Verbande<\/strong><br \/>\n( Delegado em Portugal )<\/div>\n<\/td>\n<\/tr>\n<tr bgcolor=\"#FFFFFF\">\n<td style=\"width: 10%; height: 120px;\" height=\"120\">\n<div align=\"center\"><img loading=\"lazy\" decoding=\"async\" src=\"https:\/\/www.rgdetectives.com\/rg\/wp-content\/uploads\/2016\/10\/cufdb2-1.jpg\" alt=\"cufdb2\" width=\"114\" height=\"133\" \/><\/div>\n<\/td>\n<td style=\"height: 120px; width: 45%; vertical-align: middle;\" height=\"120\">\n<div style=\"text-align: left;\" align=\"center\"><strong>CUFDB &#8211; Central \u00danica Federal dos Detectives do Brasil<\/strong><\/div>\n<\/td>\n<\/tr>\n<tr bgcolor=\"#FFFFFF\">\n<td style=\"width: 10%; height: 120px;\" height=\"120\">\n<div align=\"center\"><img loading=\"lazy\" decoding=\"async\" src=\"https:\/\/www.rgdetectives.com\/rg\/wp-content\/uploads\/2016\/10\/asi.jpg\" alt=\"asi\" width=\"114\" height=\"159\" \/><\/div>\n<\/td>\n<td style=\"height: 120px; width: 45%; vertical-align: middle;\" height=\"120\">\n<div style=\"text-align: left;\" align=\"center\"><strong>ASI \u2013 Academia Sul Americana de Investiga\u00e7\u00f5es<\/strong><br \/>\n(Coordenador Europeu)<\/div>\n<\/td>\n<\/tr>\n<tr bgcolor=\"#FFFFFF\">\n<td style=\"width: 10%; height: 120px;\" height=\"120\">\n<div align=\"center\"><img loading=\"lazy\" decoding=\"async\" src=\"https:\/\/www.rgdetectives.com\/rg\/wp-content\/uploads\/2016\/10\/iudep.jpg\" alt=\"iudep\" width=\"114\" height=\"114\" \/><\/div>\n<\/td>\n<td style=\"height: 120px; width: 45%; vertical-align: middle;\" height=\"120\">\n<div style=\"text-align: left;\" align=\"center\"><strong>IUDEP \u2013 Instituto Universal dos Detectives Particulares<\/strong><\/div>\n<\/td>\n<\/tr>\n<tr bgcolor=\"#FFFFFF\">\n<td style=\"width: 10%; height: 120px;\" height=\"120\">\n<div align=\"center\"><img loading=\"lazy\" decoding=\"async\" src=\"https:\/\/www.rgdetectives.com\/rg\/wp-content\/uploads\/2016\/10\/iba.jpg\" alt=\"iba\" width=\"114\" height=\"116\" \/><\/div>\n<\/td>\n<td style=\"height: 120px; width: 45%; vertical-align: middle;\" height=\"120\">\n<div style=\"text-align: left;\" align=\"center\"><strong>IBA &#8211; International Bodyguard Association<\/strong><\/div>\n<\/td>\n<\/tr>\n<\/tbody>\n<\/table>\n<p>&nbsp;<\/p>\n<p>[\/et_pb_text][\/et_pb_column][\/et_pb_row][\/et_pb_section]<\/p>\n","protected":false},"excerpt":{"rendered":"<p>Somos membros de v\u00e1rias associa\u00e7\u00f5es profissionais de investiga\u00e7\u00e3o. ADPPP &#8211; Associa\u00e7\u00e3o de Detectives Privados Profissionais de Portugal ( Membro fundador) APDPE &#8211; Associaci\u00f3n Professional de Detectives Privados de Espa\u00f1a AGC &#8211; Associaci\u00f3n General de Crimin\u00f3logos GIDA &#8211; Global International Detective Association ABI &#8211; Association of British Investigators SPDE &#8211; Syndicat Professionnel Les D\u00e9tectives Europ\u00e9ens (Delegado [&hellip;]<\/p>\n","protected":false},"author":1,"featured_media":127,"parent":0,"menu_order":0,"comment_status":"closed","ping_status":"closed","template":"","meta":{"_et_pb_use_builder":"on","_et_pb_old_content":"<p>Somos membros de v\u00e1rias associa\u00e7\u00f5es profissionais de investiga\u00e7\u00e3o.<!--more--><\/p><table style=\"width: 98%;\" border=\"0\" cellspacing=\"0\" cellpadding=\"0\"><tbody><tr><td style=\"width: 10%; height: 120px;\" height=\"120\"><div align=\"center\"><img src=\"http:\/\/www.rgdetectives.com\/rg\/wp-content\/uploads\/2016\/10\/logo-ADPP_96dpi3.jpg\" alt=\"logo-adpp_96dpi3\" width=\"86\" height=\"114\" \/><\/div><\/td><td style=\"height: 120px; width: 45%; vertical-align: middle;\" height=\"120\"><div style=\"text-align: left;\" align=\"center\"><strong>ADPPP - Associa\u00e7\u00e3o de Detectives Privados Profissionais de Portugal<\/strong><br \/> ( Membro fundador)<\/div><\/td><\/tr><tr bgcolor=\"#FFFFFF\"><td style=\"width: 10%; height: 120px;\" height=\"120\"><div align=\"center\"><img src=\"http:\/\/www.rgdetectives.com\/rg\/wp-content\/uploads\/2016\/10\/apdpe2.jpg\" alt=\"apdpe2\" width=\"104\" height=\"114\" \/><\/div><\/td><td style=\"height: 120px; width: 45%; vertical-align: middle;\" height=\"120\"><div style=\"text-align: left;\" align=\"center\"><strong>APDPE - Associaci\u00f3n Professional de Detectives Privados de Espa\u00f1a<\/strong><\/div><\/td><\/tr><tr bgcolor=\"#FFFFFF\"><td style=\"width: 10%; height: 120px;\" height=\"120\"><div align=\"center\"><img src=\"http:\/\/www.rgdetectives.com\/rg\/wp-content\/uploads\/2016\/10\/AGC1.jpg\" alt=\"agc1\" width=\"114\" height=\"102\" \/><\/div><\/td><td style=\"height: 120px; width: 45%; vertical-align: middle;\" height=\"120\"><div style=\"text-align: left;\" align=\"center\"><strong>AGC - Associaci\u00f3n General de Crimin\u00f3logos<\/strong><\/div><\/td><\/tr><tr bgcolor=\"#FFFFFF\"><td style=\"width: 10%; height: 120px;\" height=\"120\"><div align=\"center\"><img src=\"http:\/\/www.rgdetectives.com\/rg\/wp-content\/uploads\/2016\/10\/gida2.jpg\" alt=\"gida2\" width=\"114\" height=\"114\" \/><\/div><\/td><td style=\"height: 120px; width: 45%; vertical-align: middle;\" height=\"120\"><div style=\"text-align: left;\" align=\"center\"><strong>GIDA - Global International Detective Association<\/strong><\/div><\/td><\/tr><tr bgcolor=\"#FFFFFF\"><td style=\"width: 10%; height: 120px;\" height=\"120\"><div align=\"center\"><img src=\"http:\/\/www.rgdetectives.com\/rg\/wp-content\/uploads\/2016\/10\/abi.jpg\" alt=\"abi\" width=\"114\" height=\"114\" \/><\/div><\/td><td style=\"height: 120px; width: 45%; vertical-align: middle;\" height=\"120\"><div style=\"text-align: left;\" align=\"center\"><strong>ABI - Association of British Investigators<\/strong><\/div><\/td><\/tr><tr bgcolor=\"#FFFFFF\"><td style=\"width: 10%; height: 120px;\" height=\"120\"><p align=\"center\"><img src=\"http:\/\/www.rgdetectives.com\/rg\/wp-content\/uploads\/2016\/10\/syndicat-detectives.gif\" alt=\"syndicat-detectives\" width=\"114\" height=\"107\" \/><\/p><\/td><td style=\"height: 120px; width: 45%; vertical-align: middle;\" height=\"120\"><div style=\"text-align: left;\" align=\"center\"><strong>SPDE - Syndicat Professionnel Les D\u00e9tectives Europ\u00e9ens<\/strong><br \/> (Delegado em Portugal )<\/div><\/td><\/tr><tr bgcolor=\"#FFFFFF\"><td style=\"width: 10%; height: 120px;\" height=\"120\"><div align=\"center\"><img src=\"http:\/\/www.rgdetectives.com\/rg\/wp-content\/uploads\/2016\/10\/ikd.jpg\" alt=\"ikd\" width=\"114\" height=\"115\" \/><\/div><\/td><td style=\"height: 120px; width: 45%; vertical-align: middle;\" height=\"120\"><div style=\"text-align: left;\" align=\"center\"><strong>IKD - International Komission de Detektiv Verbande<\/strong><br \/> ( Delegado em Portugal )<\/div><\/td><\/tr><tr bgcolor=\"#FFFFFF\"><td style=\"width: 10%; height: 120px;\" height=\"120\"><div align=\"center\"><img src=\"http:\/\/www.rgdetectives.com\/rg\/wp-content\/uploads\/2016\/10\/cufdb2-1.jpg\" alt=\"cufdb2\" width=\"114\" height=\"133\" \/><\/div><\/td><td style=\"height: 120px; width: 45%; vertical-align: middle;\" height=\"120\"><div style=\"text-align: left;\" align=\"center\"><strong>CUFDB - Central \u00danica Federal dos Detectives do Brasil<\/strong><\/div><\/td><\/tr><tr bgcolor=\"#FFFFFF\"><td style=\"width: 10%; height: 120px;\" height=\"120\"><div align=\"center\"><img src=\"http:\/\/www.rgdetectives.com\/rg\/wp-content\/uploads\/2016\/10\/asi.jpg\" alt=\"asi\" width=\"114\" height=\"159\" \/><\/div><\/td><td style=\"height: 120px; width: 45%; vertical-align: middle;\" height=\"120\"><div style=\"text-align: left;\" align=\"center\"><strong>ASI \u2013 Academia Sul Americana de Investiga\u00e7\u00f5es<\/strong><br \/> (Coordenador Europeu)<\/div><\/td><\/tr><tr bgcolor=\"#FFFFFF\"><td style=\"width: 10%; height: 120px;\" height=\"120\"><div align=\"center\"><img src=\"http:\/\/www.rgdetectives.com\/rg\/wp-content\/uploads\/2016\/10\/iudep.jpg\" alt=\"iudep\" width=\"114\" height=\"114\" \/><\/div><\/td><td style=\"height: 120px; width: 45%; vertical-align: middle;\" height=\"120\"><div style=\"text-align: left;\" align=\"center\"><strong>IUDEP \u2013 Instituto Universal dos Detectives Particulares<\/strong><\/div><\/td><\/tr><tr bgcolor=\"#FFFFFF\"><td style=\"width: 10%; height: 120px;\" height=\"120\"><div align=\"center\"><img src=\"http:\/\/www.rgdetectives.com\/rg\/wp-content\/uploads\/2016\/10\/iba.jpg\" alt=\"iba\" width=\"114\" height=\"116\" \/><\/div><\/td><td style=\"height: 120px; width: 45%; vertical-align: middle;\" height=\"120\"><div style=\"text-align: left;\" align=\"center\"><strong>IBA - International Bodyguard Association<\/strong><\/div><\/td><\/tr><\/tbody><\/table><p>\u00a0<\/p>","_et_gb_content_width":"","footnotes":""},"class_list":["post-52","page","type-page","status-publish","has-post-thumbnail","hentry"],"_links":{"self":[{"href":"https:\/\/www.rgdetectives.com\/rg\/wp-json\/wp\/v2\/pages\/52","targetHints":{"allow":["GET"]}}],"collection":[{"href":"https:\/\/www.rgdetectives.com\/rg\/wp-json\/wp\/v2\/pages"}],"about":[{"href":"https:\/\/www.rgdetectives.com\/rg\/wp-json\/wp\/v2\/types\/page"}],"author":[{"embeddable":true,"href":"https:\/\/www.rgdetectives.com\/rg\/wp-json\/wp\/v2\/users\/1"}],"replies":[{"embeddable":true,"href":"https:\/\/www.rgdetectives.com\/rg\/wp-json\/wp\/v2\/comments?post=52"}],"version-history":[{"count":20,"href":"https:\/\/www.rgdetectives.com\/rg\/wp-json\/wp\/v2\/pages\/52\/revisions"}],"predecessor-version":[{"id":430,"href":"https:\/\/www.rgdetectives.com\/rg\/wp-json\/wp\/v2\/pages\/52\/revisions\/430"}],"wp:featuredmedia":[{"embeddable":true,"href":"https:\/\/www.rgdetectives.com\/rg\/wp-json\/wp\/v2\/media\/127"}],"wp:attachment":[{"href":"https:\/\/www.rgdetectives.com\/rg\/wp-json\/wp\/v2\/media?parent=52"}],"curies":[{"name":"wp","href":"https:\/\/api.w.org\/{rel}","templated":true}]}}