{"id":87,"date":"2016-10-26T08:53:52","date_gmt":"2016-10-26T08:53:52","guid":{"rendered":"http:\/\/www.rgdetectives.com\/rg\/?page_id=87"},"modified":"2017-05-29T21:37:49","modified_gmt":"2017-05-29T21:37:49","slug":"informacoes","status":"publish","type":"page","link":"https:\/\/www.rgdetectives.com\/rg\/pt\/informacoes\/","title":{"rendered":"Informa\u00e7\u00f5es"},"content":{"rendered":"<p>[et_pb_section bb_built=&#8221;1&#8243; admin_label=&#8221;section&#8221;][et_pb_row admin_label=&#8221;row&#8221;][et_pb_column type=&#8221;4_4&#8243;][et_pb_text admin_label=&#8221;Text&#8221; background_layout=&#8221;light&#8221; text_orientation=&#8221;left&#8221; use_border_color=&#8221;off&#8221; border_color=&#8221;#ffffff&#8221; border_style=&#8221;solid&#8221;]<\/p>\n<div id=\"main-content\">\n<article id=\"post-87\" class=\"post-87 page type-page status-publish has-post-thumbnail hentry\">\n<div class=\"entry-content\"><\/div>\n<\/article>\n<div class=\"entry-content\">\n<p><strong>Deixa-se um alerta para que, em caso de necessidade, recorra apenas a profissionais credenciados.<\/strong><\/p>\n<p>O detective privado identifica-se com a sua carteira profissional, perante os clientes. Atende quem procura os seus servi\u00e7os, no escrit\u00f3rio, dando garantia de ser contactado quando necess\u00e1rio.<\/p>\n<p>Existem, no mercado, pseudo-detectives que visam apenas a extors\u00e3o de quantias consider\u00e1veis de dinheiro, por servi\u00e7os que nunca chegam a realizar, colocando an\u00fancios em variados jornais\/internet e marcando por vezes encontros-fantasma, ludibriando, desta forma os mais incautos, prejudicando e denegrindo a imagem dos que se pautam por agir com profissionalismo e rigor.<\/p>\n<p>Caso se veja enredado por uma situa\u00e7\u00e3o semelhante, ou tenha dela conhecimento, <strong>informe com o m\u00e1ximo detalhe a Associa\u00e7\u00e3o de Detectives Privados Profissionais de Portugal ou as autoridades competentes da sua \u00e1rea.<\/strong> Os detectives privados profissionais agradecem.<\/p>\n<p>Normas de conduta de acordo com o c\u00f3digo deontol\u00f3gico. <a href=\"http:\/\/www.adetectives.com\" target=\"_blank\" rel=\"noopener noreferrer\">http:\/\/www.adetectives.com<\/a><\/p>\n<\/div>\n<\/div>\n<p>[\/et_pb_text][\/et_pb_column][\/et_pb_row][\/et_pb_section]<\/p>\n","protected":false},"excerpt":{"rendered":"<p>Deixa-se um alerta para que, em caso de necessidade, recorra apenas a profissionais credenciados. O detective privado identifica-se com a sua carteira profissional, perante os clientes. Atende quem procura os seus servi\u00e7os, no escrit\u00f3rio, dando garantia de ser contactado quando necess\u00e1rio. Existem, no mercado, pseudo-detectives que visam apenas a extors\u00e3o de quantias consider\u00e1veis de dinheiro, [&hellip;]<\/p>\n","protected":false},"author":1,"featured_media":111,"parent":0,"menu_order":0,"comment_status":"closed","ping_status":"closed","template":"","meta":{"_et_pb_use_builder":"on","_et_pb_old_content":"<div id=\"main-content\"><article id=\"post-87\" class=\"post-87 page type-page status-publish has-post-thumbnail hentry\"><div class=\"entry-content\"><p><strong>Tomar a decis\u00e3o de ir falar com um detective!<\/strong><br \/> \u00c9 falar com um profissional em investiga\u00e7\u00e3o privada, perceber os caminhos que podem levar \u00e0 dissolu\u00e7\u00e3o das duvidas, \u00e0 solu\u00e7\u00e3o dos problemas.<span id=\"more-87\"><\/span><\/p><p><strong>D\u00favidas mais frequentes.<\/strong><\/p><ul><li>Como \u00e9 que o detective me pode ajudar?<\/li><li>Ser\u00e1 de confian\u00e7a?<\/li><li>Qual a experi\u00eancia dele?<\/li><li>Ser\u00e1 honesto?<\/li><li>Ser\u00e1 eficaz?<\/li><li>Quanto custar\u00e1 os seus honor\u00e1rios?<\/li><li>Haver\u00e1 diferen\u00e7a significativa, qualidade pre\u00e7o entre este e outros detectives?<\/li><\/ul><p>As respostas a estas e outras perguntas, n\u00e3o est\u00e3o aqui, para obter essa informa\u00e7\u00e3o marque uma reuni\u00e3o gratuita e sem compromisso.<br \/> As reuni\u00f5es requerem marca\u00e7\u00e3o pr\u00e9via. Pode usar o nosso formul\u00e1rio para isso, ou o contacto telef\u00f3nico.<\/p><p>Descubra a experi\u00eancia de um profissional, dedicado em descobrir a verdade e tranquilizar quem procura os seus servi\u00e7os.<br \/> Vai ver que valeu a pena satisfazer a sua necessidade ou curiosidade.<\/p><p>Ser detective privado n\u00e3o \u00e9 ser agente secreto. O detective privado d\u00e1 a cara e identifica-se com a sua carteira profissional, perante os clientes. Atende quem procura os seus servi\u00e7os, no escrit\u00f3rio, o que d\u00e1 a garantia de ser contactado quando necess\u00e1rio.<\/p><p>Deixo aqui um alerta para que o p\u00fablico em geral tenha o cuidado de utilizar apenas os servi\u00e7os de profissionais credenciados.<\/p><p>Existem indiv\u00edduos que se intitulam de detectives para extorquir quantias por servi\u00e7os que depois n\u00e3o realizam. Colocam an\u00fancios nos jornais com n\u00fameros de telem\u00f3vel, marcam encontros no bar da esquina, e ao fim de uns dias desaparecem sem deixar rasto. S\u00f3 depois \u00e9 que os clientes d\u00e3o conta que ca\u00edram no conto do vig\u00e1rio.<\/p><p>Se isto lhe acontecer, informe com o m\u00e1ximo de detalhes a Associa\u00e7\u00e3o de Detectives Privados Profissionais de Portugal ou as autoridades competentes da sua \u00e1rea.<\/p><p>Os detectives privados profissionais agradecem.<\/p><p>Somos uma actividade honrosa, digna e qualificada.<\/p><p>Normas de conduta de acordo com o c\u00f3digo deontol\u00f3gico.<br \/> <a href=\"http:\/\/www.adetectives.com\/\" target=\"_blank\" rel=\"noopener noreferrer\">http:\/\/www.adetectives.com<\/a><\/p><\/div><\/article><\/div>","_et_gb_content_width":"","footnotes":""},"class_list":["post-87","page","type-page","status-publish","has-post-thumbnail","hentry"],"_links":{"self":[{"href":"https:\/\/www.rgdetectives.com\/rg\/wp-json\/wp\/v2\/pages\/87","targetHints":{"allow":["GET"]}}],"collection":[{"href":"https:\/\/www.rgdetectives.com\/rg\/wp-json\/wp\/v2\/pages"}],"about":[{"href":"https:\/\/www.rgdetectives.com\/rg\/wp-json\/wp\/v2\/types\/page"}],"author":[{"embeddable":true,"href":"https:\/\/www.rgdetectives.com\/rg\/wp-json\/wp\/v2\/users\/1"}],"replies":[{"embeddable":true,"href":"https:\/\/www.rgdetectives.com\/rg\/wp-json\/wp\/v2\/comments?post=87"}],"version-history":[{"count":17,"href":"https:\/\/www.rgdetectives.com\/rg\/wp-json\/wp\/v2\/pages\/87\/revisions"}],"predecessor-version":[{"id":373,"href":"https:\/\/www.rgdetectives.com\/rg\/wp-json\/wp\/v2\/pages\/87\/revisions\/373"}],"wp:featuredmedia":[{"embeddable":true,"href":"https:\/\/www.rgdetectives.com\/rg\/wp-json\/wp\/v2\/media\/111"}],"wp:attachment":[{"href":"https:\/\/www.rgdetectives.com\/rg\/wp-json\/wp\/v2\/media?parent=87"}],"curies":[{"name":"wp","href":"https:\/\/api.w.org\/{rel}","templated":true}]}}